{"id":2,"date":"2007-04-14T12:37:14","date_gmt":"2007-04-14T10:37:14","guid":{"rendered":""},"modified":"2023-12-27T01:09:06","modified_gmt":"2023-12-26T23:09:06","slug":"about","status":"publish","type":"page","link":"https:\/\/www.schneemaier.hu\/?page_id=2","title":{"rendered":"R\u00f3lam!?"},"content":{"rendered":"<p><!--adsense#oldal--><\/p>\n<p>Kezdj\u00fck egy egyszer\u0171 alap adat gy\u0171jtem\u00e9nnyel:<\/p>\n<p>XX \u00e9ves vagyok<\/p>\n<p>Majd valamikor folytatom&#8230;&#8230;..<\/p>\n","protected":false},"excerpt":{"rendered":"<p>Kezdj\u00fck egy egyszer\u0171 alap adat gy\u0171jtem\u00e9nnyel: XX \u00e9ves vagyok Majd valamikor folytatom&#8230;&#8230;..<\/p>\n","protected":false},"author":2,"featured_media":0,"parent":0,"menu_order":0,"comment_status":"open","ping_status":"open","template":"","meta":{"footnotes":""},"class_list":["post-2","page","type-page","status-publish","hentry"],"_links":{"self":[{"href":"https:\/\/www.schneemaier.hu\/index.php?rest_route=\/wp\/v2\/pages\/2","targetHints":{"allow":["GET"]}}],"collection":[{"href":"https:\/\/www.schneemaier.hu\/index.php?rest_route=\/wp\/v2\/pages"}],"about":[{"href":"https:\/\/www.schneemaier.hu\/index.php?rest_route=\/wp\/v2\/types\/page"}],"author":[{"embeddable":true,"href":"https:\/\/www.schneemaier.hu\/index.php?rest_route=\/wp\/v2\/users\/2"}],"replies":[{"embeddable":true,"href":"https:\/\/www.schneemaier.hu\/index.php?rest_route=%2Fwp%2Fv2%2Fcomments&post=2"}],"version-history":[{"count":1,"href":"https:\/\/www.schneemaier.hu\/index.php?rest_route=\/wp\/v2\/pages\/2\/revisions"}],"predecessor-version":[{"id":145,"href":"https:\/\/www.schneemaier.hu\/index.php?rest_route=\/wp\/v2\/pages\/2\/revisions\/145"}],"wp:attachment":[{"href":"https:\/\/www.schneemaier.hu\/index.php?rest_route=%2Fwp%2Fv2%2Fmedia&parent=2"}],"curies":[{"name":"wp","href":"https:\/\/api.w.org\/{rel}","templated":true}]}}